{"id":95,"date":"2015-04-18T18:09:29","date_gmt":"2015-04-18T18:09:29","guid":{"rendered":"http:\/\/gruener-bleistift.de\/wordpress\/?page_id=95"},"modified":"2018-02-13T13:56:06","modified_gmt":"2018-02-13T13:56:06","slug":"biografie2","status":"publish","type":"page","link":"https:\/\/gruener-bleistift.de\/?page_id=95","title":{"rendered":"Biografie"},"content":{"rendered":"<p>&nbsp;<\/p>\n<p><strong>Alexandra Graetz<\/strong><\/p>\n<p>Geboren am 18.01.1975 in Heidelberg<\/p>\n<p>Gr\u00fcner-Bleistift wurde 2002 durch Alexandra Graetz gegr\u00fcndet.<\/p>\n<table style=\"height: 295px;\" width=\"465\">\n<tbody>\n<tr>\n<td>1996<\/td>\n<td>Abitur HSG Schriesheim<\/td>\n<\/tr>\n<tr>\n<td>1996-1999<\/td>\n<td>Zierpflanzeng\u00e4rtner-Lehre Stadt Heidelberg<\/td>\n<\/tr>\n<tr>\n<td>1999-2001<\/td>\n<td>Gartenbau-Studium FH Geisenheim<\/td>\n<\/tr>\n<tr>\n<td>2001-2005<\/td>\n<td>Landschaftsarchitektur-Studium FH Geisenheim<\/td>\n<\/tr>\n<tr>\n<td>2009-2014<\/td>\n<td>Mockler Garten- und Landschaftsbau<\/td>\n<\/tr>\n<\/tbody>\n<\/table>\n","protected":false},"excerpt":{"rendered":"<p>&nbsp; Alexandra Graetz Geboren am 18.01.1975 in Heidelberg Gr\u00fcner-Bleistift wurde 2002 durch Alexandra Graetz gegr\u00fcndet. 1996 Abitur HSG Schriesheim 1996-1999 Zierpflanzeng\u00e4rtner-Lehre Stadt Heidelberg 1999-2001 Gartenbau-Studium FH Geisenheim 2001-2005 Landschaftsarchitektur-Studium FH Geisenheim 2009-2014 Mockler Garten- und Landschaftsbau<\/p>\n","protected":false},"author":2,"featured_media":0,"parent":0,"menu_order":0,"comment_status":"closed","ping_status":"closed","template":"","meta":{"footnotes":""},"class_list":["post-95","page","type-page","status-publish","hentry"],"_links":{"self":[{"href":"https:\/\/gruener-bleistift.de\/index.php?rest_route=\/wp\/v2\/pages\/95","targetHints":{"allow":["GET"]}}],"collection":[{"href":"https:\/\/gruener-bleistift.de\/index.php?rest_route=\/wp\/v2\/pages"}],"about":[{"href":"https:\/\/gruener-bleistift.de\/index.php?rest_route=\/wp\/v2\/types\/page"}],"author":[{"embeddable":true,"href":"https:\/\/gruener-bleistift.de\/index.php?rest_route=\/wp\/v2\/users\/2"}],"replies":[{"embeddable":true,"href":"https:\/\/gruener-bleistift.de\/index.php?rest_route=%2Fwp%2Fv2%2Fcomments&post=95"}],"version-history":[{"count":25,"href":"https:\/\/gruener-bleistift.de\/index.php?rest_route=\/wp\/v2\/pages\/95\/revisions"}],"predecessor-version":[{"id":616,"href":"https:\/\/gruener-bleistift.de\/index.php?rest_route=\/wp\/v2\/pages\/95\/revisions\/616"}],"wp:attachment":[{"href":"https:\/\/gruener-bleistift.de\/index.php?rest_route=%2Fwp%2Fv2%2Fmedia&parent=95"}],"curies":[{"name":"wp","href":"https:\/\/api.w.org\/{rel}","templated":true}]}}