{"id":119,"date":"2015-04-18T18:20:55","date_gmt":"2015-04-18T18:20:55","guid":{"rendered":"http:\/\/gruener-bleistift.de\/wordpress\/?page_id=119"},"modified":"2022-04-25T07:32:16","modified_gmt":"2022-04-25T07:32:16","slug":"impressum-2","status":"publish","type":"page","link":"https:\/\/gruener-bleistift.de\/?page_id=119","title":{"rendered":"Impressum"},"content":{"rendered":"<p>Gr\u00fcner-Bleistift<\/p>\n<p>Alexandra Graetz<br \/>\nSchlesierstra\u00dfe 7<br \/>\n69221 Dossenheim<br \/>\nTelefon: +49 0170 3011639<br \/>\nE-Mail: info@gruener-bleistift.de<br \/>\nInternet: www.gruener-bleistift.de<\/p>\n<p>Inhaltlich Verantwortlicher gem\u00e4\u00df \u00a7 55 Abs. 2 RStV: Alexandra Graetz<\/p>\n<p>Haftungshinweis<br \/>\nTrotz sorgf\u00e4ltiger inhaltlicher Kontrolle \u00fcbernehmen wir keine Haftung f\u00fcr die Inhalte externer Links. F\u00fcr den Inhalt der verlinkten Seiten sind ausschlie\u00dflich deren Betreiber verantwortlich.<\/p>\n<p>Gerne k\u00f6nnen Sie mich <a href=\"http:\/\/gruener-bleistift.de\/?page_id=116\">kontaktieren<\/a>.<\/p>\n","protected":false},"excerpt":{"rendered":"<p>Gr\u00fcner-Bleistift Alexandra Graetz Schlesierstra\u00dfe 7 69221 Dossenheim Telefon: +49 0170 3011639 E-Mail: info@gruener-bleistift.de Internet: www.gruener-bleistift.de Inhaltlich Verantwortlicher gem\u00e4\u00df \u00a7 55 Abs. 2 RStV: Alexandra Graetz Haftungshinweis Trotz sorgf\u00e4ltiger inhaltlicher Kontrolle \u00fcbernehmen wir keine Haftung f\u00fcr die Inhalte externer Links. F\u00fcr den Inhalt der verlinkten Seiten sind ausschlie\u00dflich deren Betreiber verantwortlich. Gerne k\u00f6nnen Sie mich kontaktieren.<\/p>\n","protected":false},"author":2,"featured_media":0,"parent":0,"menu_order":0,"comment_status":"closed","ping_status":"closed","template":"","meta":{"footnotes":""},"class_list":["post-119","page","type-page","status-publish","hentry"],"_links":{"self":[{"href":"https:\/\/gruener-bleistift.de\/index.php?rest_route=\/wp\/v2\/pages\/119","targetHints":{"allow":["GET"]}}],"collection":[{"href":"https:\/\/gruener-bleistift.de\/index.php?rest_route=\/wp\/v2\/pages"}],"about":[{"href":"https:\/\/gruener-bleistift.de\/index.php?rest_route=\/wp\/v2\/types\/page"}],"author":[{"embeddable":true,"href":"https:\/\/gruener-bleistift.de\/index.php?rest_route=\/wp\/v2\/users\/2"}],"replies":[{"embeddable":true,"href":"https:\/\/gruener-bleistift.de\/index.php?rest_route=%2Fwp%2Fv2%2Fcomments&post=119"}],"version-history":[{"count":15,"href":"https:\/\/gruener-bleistift.de\/index.php?rest_route=\/wp\/v2\/pages\/119\/revisions"}],"predecessor-version":[{"id":665,"href":"https:\/\/gruener-bleistift.de\/index.php?rest_route=\/wp\/v2\/pages\/119\/revisions\/665"}],"wp:attachment":[{"href":"https:\/\/gruener-bleistift.de\/index.php?rest_route=%2Fwp%2Fv2%2Fmedia&parent=119"}],"curies":[{"name":"wp","href":"https:\/\/api.w.org\/{rel}","templated":true}]}}