{"id":104,"date":"2015-04-18T18:17:00","date_gmt":"2015-04-18T18:17:00","guid":{"rendered":"http:\/\/gruener-bleistift.de\/wordpress\/?page_id=104"},"modified":"2015-06-03T07:33:43","modified_gmt":"2015-06-03T07:33:43","slug":"planung-2","status":"publish","type":"page","link":"https:\/\/gruener-bleistift.de\/?page_id=104","title":{"rendered":"Planung"},"content":{"rendered":"<p>&nbsp;<\/p>\n<p><em><strong>Ich biete<\/strong><\/em><\/p>\n<p>&#8211; Planung unter Ber\u00fccksichtigung der vor Ort gegebenen Umst\u00e4nde<\/p>\n<p>&#8211; eine individuelle Neuplanung \/ Umgestaltung Ihrer Au\u00dfenanlagen<\/p>\n<p>&#8211; eine an jede Lebenslage angepasste Gartengestaltung<\/p>\n<p>&#8211; Gartengestaltung nach Feng Shui<\/p>\n<p>&#8211; Gestaltung von Ruhest\u00e4tten<\/p>\n<p>&#8211; Innenraumbegr\u00fcnung und Hydropflanzenpflege<\/p>\n<p>&nbsp;<\/p>\n<p><strong><em>Zu meinem Repertoire z\u00e4hlen u.a.<\/em><\/strong><\/p>\n<p>&#8211; kindgerechte Spielplatzplanung<\/p>\n<p>&#8211; Schwimmteiche<\/p>\n<p>&#8211; Planung von demenzgerechten und barrierefreien Au\u00dfenanlagen<\/p>\n","protected":false},"excerpt":{"rendered":"<p>&nbsp; Ich biete &#8211; Planung unter Ber\u00fccksichtigung der vor Ort gegebenen Umst\u00e4nde &#8211; eine individuelle Neuplanung \/ Umgestaltung Ihrer Au\u00dfenanlagen &#8211; eine an jede Lebenslage angepasste Gartengestaltung &#8211; Gartengestaltung nach Feng Shui &#8211; Gestaltung von Ruhest\u00e4tten &#8211; Innenraumbegr\u00fcnung und Hydropflanzenpflege &nbsp; Zu meinem Repertoire z\u00e4hlen u.a. &#8211; kindgerechte Spielplatzplanung &#8211; Schwimmteiche &#8211; Planung von demenzgerechten &hellip; <a href=\"https:\/\/gruener-bleistift.de\/?page_id=104\" class=\"more-link\"><span class=\"screen-reader-text\">Planung<\/span> weiterlesen <span class=\"meta-nav\">&rarr;<\/span><\/a><\/p>\n","protected":false},"author":2,"featured_media":0,"parent":0,"menu_order":0,"comment_status":"closed","ping_status":"closed","template":"","meta":{"footnotes":""},"class_list":["post-104","page","type-page","status-publish","hentry"],"_links":{"self":[{"href":"https:\/\/gruener-bleistift.de\/index.php?rest_route=\/wp\/v2\/pages\/104","targetHints":{"allow":["GET"]}}],"collection":[{"href":"https:\/\/gruener-bleistift.de\/index.php?rest_route=\/wp\/v2\/pages"}],"about":[{"href":"https:\/\/gruener-bleistift.de\/index.php?rest_route=\/wp\/v2\/types\/page"}],"author":[{"embeddable":true,"href":"https:\/\/gruener-bleistift.de\/index.php?rest_route=\/wp\/v2\/users\/2"}],"replies":[{"embeddable":true,"href":"https:\/\/gruener-bleistift.de\/index.php?rest_route=%2Fwp%2Fv2%2Fcomments&post=104"}],"version-history":[{"count":10,"href":"https:\/\/gruener-bleistift.de\/index.php?rest_route=\/wp\/v2\/pages\/104\/revisions"}],"predecessor-version":[{"id":492,"href":"https:\/\/gruener-bleistift.de\/index.php?rest_route=\/wp\/v2\/pages\/104\/revisions\/492"}],"wp:attachment":[{"href":"https:\/\/gruener-bleistift.de\/index.php?rest_route=%2Fwp%2Fv2%2Fmedia&parent=104"}],"curies":[{"name":"wp","href":"https:\/\/api.w.org\/{rel}","templated":true}]}}